{"id":3,"date":"2019-10-06T21:10:53","date_gmt":"2019-10-06T21:10:53","guid":{"rendered":"https:\/\/www.maximiliendacheville.fr\/psychologue-rennes\/?page_id=3"},"modified":"2020-11-28T22:56:46","modified_gmt":"2020-11-28T21:56:46","slug":"mentionslegales","status":"publish","type":"page","link":"https:\/\/www.maximiliendacheville.fr\/psychologue-rennes\/mentionslegales\/","title":{"rendered":"Mentions l\u00e9gales"},"content":{"rendered":"\n<h2 class=\"wp-block-heading\">Immatriculations<\/h2>\n\n\n\n<p>Numero SIRET :  854 022 910 00012<\/p>\n\n\n\n<p>Numero ADELI : 35 93 1420 0,  d\u00e9livr\u00e9 par l&rsquo;<em>Agence R\u00e9gionale de Sant\u00e9<\/em><\/p>\n\n\n\n<h2 class=\"wp-block-heading\">Honoraires<\/h2>\n\n\n\n<p><em>La prestation d\u00e9livr\u00e9e par votre professionnel ne fait pas l\u2019objet d\u2019un conventionnement. D\u00e8s lors, elle n\u2019est pas prise en charge par la S\u00e9curit\u00e9 Sociale mais de plus en plus de mutuelles prennent en charge partiellement les entretiens cliniques ou les bilans psychom\u00e9triques en proposant un forfait ou la prise en charge d\u2019un certain nombre de s\u00e9ances. N&rsquo;h\u00e9sitez pas \u00e0 vous renseigner aupr\u00e8s de votre mutuelle. Le montant des honoraires fix\u00e9 est cependant d\u00e9termin\u00e9 avec tact et mesure.<\/em><\/p>\n\n\n\n<table class=\"wp-block-table has-subtle-pale-blue-background-color has-background is-style-stripes\"><tbody><tr><td><strong>Consultation<\/strong><\/td><td><strong>Dur\u00e9e<\/strong><\/td><td><\/td><td><strong>Honoraires<\/strong><\/td><\/tr><tr><td>Enfants<\/td><td>entre 30 et 45 minutes<\/td><td><\/td><td>40 euros<\/td><\/tr><tr><td>Adolescents<\/td><td>environ 45 minutes<\/td><td><\/td><td>40 euros<\/td><\/tr><tr><td>Adultes<\/td><td>environ 45 minutes <\/td><td><\/td><td>45 euros<\/td><\/tr><tr><td>Etudiants, Sans emploi<\/td><td>environ 45 minutes <\/td><td><\/td><td>40 euros<\/td><\/tr><tr><td>Couple <\/td><td>environ 1 heure<\/td><td><\/td><td>70 euros<\/td><\/tr><tr><td>Parent(s) \/ Enfant(s)<br><\/td><td>environ 45 minutes <\/td><td><\/td><td>55 euros<\/td><\/tr><\/tbody><\/table>\n\n\n\n<p><em>Toute s\u00e9ance manqu\u00e9e sans avoir \u00e9t\u00e9 pr\u00e9alablement annul\u00e9e 24h \u00e0 l\u2019avance ou n\u2019ayant fait l\u2019objet d\u2019aucune annulation est due. Effectivement ces s\u00e9ances s\u2019inscrivent dans la th\u00e9rapie elle-m\u00eame et une s\u00e9ance oubli\u00e9e ou non effectu\u00e9e sans raison s\u00e9rieuse a un sens \u00e0 d\u00e9crypter et fait partie de l\u2019accompagnement psychologique.<\/em><\/p>\n\n\n\n<h2 class=\"wp-block-heading\">Adresse du Cabinet<\/h2>\n\n\n\n<p>12, Quai Duguay Trouin, 35000, RENNES<\/p>\n\n\n\n<h2 class=\"wp-block-heading\">Adresse du site<\/h2>\n\n\n\n<p><a href=\"https:\/\/maximiliendacheville.fr\/psychologue-rennes\">https:\/\/maximiliendacheville.fr\/psychologue-rennes<\/a><\/p>\n\n\n\n<h2 class=\"wp-block-heading\">Information de contact<\/h2>\n\n\n\n<p>Email : <a href=\"mailto:contact@maximiliendacheville.fr\">contact@maximiliendacheville.fr<\/a><\/p>\n\n\n\n<p>Telephone : <a href=\"tel:+33651991792\">06.51.99.17.92<\/a><\/p>\n\n\n\n<h2 class=\"wp-block-heading\">H\u00e9bergement<\/h2>\n\n\n\n<p><a rel=\"noreferrer noopener\" href=\"http:\/\/www.o2switch.fr\/\" target=\"_blank\">o2switch<\/a>, 222-224 Boulevard Gustave Flaubert 63000 Clermont-Ferrand, Capital de 100000 euros, Siret : 510 909 80700024. <\/p>\n\n\n\n<h2 class=\"wp-block-heading\">Protection des donn\u00e9es personnelles<\/h2>\n\n\n\n<p>L\u2019\u00e9diteur ne r\u00e9cup\u00e8re sur le pr\u00e9sent site que les donn\u00e9es personnelles communiqu\u00e9es \u00e0 l\u2019initiative des visiteurs. Par ailleurs l\u2019\u00e9diteur s\u2019engage \u00e0 ne pas divulguer \u00e0 des tiers les informations ainsi recueillies.<\/p>\n\n\n\n<h2 class=\"wp-block-heading\">CNIL<\/h2>\n\n\n\n<p>Loi du 6 Janvier 1978 relative \u00e0 l\u2019informatique et aux libert\u00e9s Vous disposez d\u2019un droit d\u2019acc\u00e8s, de rectification et de suppression des informations personnelles vous concernant que vous pouvez exercer \u00e0 tout moment \u00e0 l&rsquo;aide des informations de contact pr\u00e9sentes dans ces mentions l\u00e9gales.<\/p>\n\n\n\n<p>L\u2019ensemble de ce site rel\u00e8ve des l\u00e9gislations fran\u00e7aises et internationales sur le droit d\u2019auteur et la propri\u00e9t\u00e9 intellectuelle. Tous les droits de reproduction sont r\u00e9serv\u00e9s, y compris pour les documents iconographiques et photographiques, sauf ceux libres de droits.<\/p>\n\n\n\n<h2 class=\"wp-block-heading\">Hyperliens<\/h2>\n\n\n\n<p>Le site peut contenir des liens hypertextes menant \u00e0 d\u2019autres sites Internet totalement ind\u00e9pendants du site de l\u2019\u00e9diteur. L\u2019\u00e9diteur ne suppose aucunement ni ne garantit que les informations contenues dans de tels liens hypertextes ou dans tout autre site Internet soient exactes, compl\u00e8tes ou v\u00e9ridiques. D\u00e8s lors, tout acc\u00e8s \u00e0 un autre site Internet li\u00e9 au site de l\u2019\u00e9diteur s\u2019effectue sous la propre responsabilit\u00e9, pleine et enti\u00e8re, de l\u2019utilisateur. L\u2019\u00e9diteur ne peut garantir l\u2019exactitude, la compl\u00e9tude, l\u2019actualit\u00e9 des informations diffus\u00e9es sur le Site. L\u2019\u00e9diteur met tout en \u0153uvre pour diffuser des informations exactes et mises \u00e0 jour. Vous reconnaissez utiliser ces informations sous votre responsabilit\u00e9.<\/p>\n","protected":false},"excerpt":{"rendered":"<p>Immatriculations Numero SIRET : 854 022 910 00012 Numero ADELI : 35 93 1420 0, d\u00e9livr\u00e9 par l&rsquo;Agence R\u00e9gionale de Sant\u00e9 Honoraires La prestation d\u00e9livr\u00e9e par votre professionnel ne fait pas l\u2019objet d\u2019un conventionnement. D\u00e8s lors, elle n\u2019est pas prise en charge par la S\u00e9curit\u00e9 Sociale mais de plus en plus de mutuelles prennent en [&hellip;]<\/p>\n","protected":false},"author":1,"featured_media":0,"parent":0,"menu_order":0,"comment_status":"closed","ping_status":"open","template":"fullwidth.php","meta":{"footnotes":""},"class_list":["post-3","page","type-page","status-publish","hentry"],"_links":{"self":[{"href":"https:\/\/www.maximiliendacheville.fr\/psychologue-rennes\/wp-json\/wp\/v2\/pages\/3","targetHints":{"allow":["GET"]}}],"collection":[{"href":"https:\/\/www.maximiliendacheville.fr\/psychologue-rennes\/wp-json\/wp\/v2\/pages"}],"about":[{"href":"https:\/\/www.maximiliendacheville.fr\/psychologue-rennes\/wp-json\/wp\/v2\/types\/page"}],"author":[{"embeddable":true,"href":"https:\/\/www.maximiliendacheville.fr\/psychologue-rennes\/wp-json\/wp\/v2\/users\/1"}],"replies":[{"embeddable":true,"href":"https:\/\/www.maximiliendacheville.fr\/psychologue-rennes\/wp-json\/wp\/v2\/comments?post=3"}],"version-history":[{"count":9,"href":"https:\/\/www.maximiliendacheville.fr\/psychologue-rennes\/wp-json\/wp\/v2\/pages\/3\/revisions"}],"predecessor-version":[{"id":306,"href":"https:\/\/www.maximiliendacheville.fr\/psychologue-rennes\/wp-json\/wp\/v2\/pages\/3\/revisions\/306"}],"wp:attachment":[{"href":"https:\/\/www.maximiliendacheville.fr\/psychologue-rennes\/wp-json\/wp\/v2\/media?parent=3"}],"curies":[{"name":"wp","href":"https:\/\/api.w.org\/{rel}","templated":true}]}}